{"id":86,"date":"2014-05-31T12:54:16","date_gmt":"2014-05-31T12:54:16","guid":{"rendered":"http:\/\/demo.themegrill.com\/accelerate\/?page_id=86"},"modified":"2024-09-17T16:06:02","modified_gmt":"2024-09-17T14:06:02","slug":"stage","status":"publish","type":"page","link":"https:\/\/www.ipgs.fr\/index.php\/stage\/","title":{"rendered":"Stage"},"content":{"rendered":"\n<blockquote class=\"wp-block-quote has-background is-layout-flow wp-block-quote-is-layout-flow\" style=\"background:radial-gradient(rgb(252,185,0) 4%,rgb(255,204,0) 37%,rgb(255,105,0) 100%)\">\n<p class=\"has-black-color has-text-color has-link-color wp-elements-e40ae396ea31e6572a400bf7b8f1a03f\">S\u2019\u00e9lever c\u2019est se laisser porter par le souffle de l&rsquo;inspiration<\/p>\n<\/blockquote>\n\n\n\n<h2 class=\"wp-block-heading\">Introduction<\/h2>\n\n\n\n<p>Ce stage s\u2019adresse \u00e0 toutes personnes d\u00e9sirant d\u00e9couvrir les effets profonds du Yoga sur le corps et le psychisme lors d\u2019une pratique continue et soutenue d\u2019une journ\u00e9e.<\/p>\n\n\n\n<figure class=\"wp-block-image size-full\"><img fetchpriority=\"high\" decoding=\"async\" width=\"360\" height=\"237\" src=\"https:\/\/www.ipgs.fr\/wp-content\/uploads\/2024\/09\/tree-nature-branch-plant-sunlight-leaf-1109376-pxhere.com_.jpg\" alt=\"\" class=\"wp-image-779\" srcset=\"https:\/\/www.ipgs.fr\/wp-content\/uploads\/2024\/09\/tree-nature-branch-plant-sunlight-leaf-1109376-pxhere.com_.jpg 360w, https:\/\/www.ipgs.fr\/wp-content\/uploads\/2024\/09\/tree-nature-branch-plant-sunlight-leaf-1109376-pxhere.com_-300x198.jpg 300w\" sizes=\"(max-width: 360px) 100vw, 360px\" \/><\/figure>\n\n\n\n<ul class=\"wp-block-list\">\n<li>Stage \u00ab intensive \u00bb de ressourcement physique et mental<\/li>\n\n\n\n<li>Besoin de vacances ? Exp\u00e9rimentez la vacance du mental<\/li>\n\n\n\n<li>Les effets b\u00e9n\u00e9fiques d\u2019une pratique soutenue et harmonieuse<\/li>\n\n\n\n<li>Une journ\u00e9e-Yoga \u00e9quivaut \u00e0 3 jours de vacances en plein air<\/li>\n<\/ul>\n\n\n\n<p>Ouvert \u00e0 tous : d\u00e9butants et perfectionnant.<\/p>\n\n\n\n<p>Vous pouvez venir accompagn\u00e9 de proches et\/ou ami(e)s. Les cours sont, en effet, adapt\u00e9s, ne n\u00e9cessitant pas de pr\u00e9paration particuli\u00e8re.<\/p>\n\n\n\n<h2 class=\"wp-block-heading\">Enseignement<\/h2>\n\n\n\n<ul class=\"wp-block-list\">\n<li>La technique posturale, stretching complet de toutes les cha\u00eenes musculaires<\/li>\n\n\n\n<li>La respiration, gymnastique respiratoire, d\u00e9blocage et mise en circulation de l\u2019\u00e9nergie vitale<\/li>\n\n\n\n<li>Relaxation profonde, rel\u00e2chement musculaire int\u00e9gral<\/li>\n\n\n\n<li>Technique de concentration, d\u00e9tente c\u00e9r\u00e9brale et calme mental<\/li>\n\n\n\n<li>Les techniques vocales d\u2019\u00e9mission du son, techniques peu usit\u00e9es de bains vibratoires des m\u00e9ridiens et centres \u00e9nerg\u00e9tiques<\/li>\n\n\n\n<li>Travail en plein-air et en salle<\/li>\n\n\n\n<li>Travail avec la Nature (soleil, vent, terre, air\u2026), \u00ab moi et l\u2019Univers \u00bb<\/li>\n\n\n\n<li>Travail dynamique et statique par bin\u00f4me (relation int\u00e9rieure et relation ext\u00e9rieure)<\/li>\n\n\n\n<li>Dynamique de groupe \u00e9change, dialogue, partage<\/li>\n\n\n\n<li>Travail sur la voix<\/li>\n\n\n\n<li>De purs moments, de m\u00e9ditations contemplatives, seront propos\u00e9s gr\u00e2ce aux bols tib\u00e9tains et chants harmoniques<\/li>\n\n\n\n<li>Notre r\u00e9flexion sera \u00e9galement aliment\u00e9e par un expos\u00e9 suivis d\u2019un temps questions \/ r\u00e9ponses, apports th\u00e9oriques<\/li>\n\n\n\n<li>Pl\u00e9nitude d\u2019\u00eatre<\/li>\n<\/ul>\n\n\n\n<h2 class=\"wp-block-heading\">Conclusion<\/h2>\n\n\n\n<div class=\"wp-block-group\"><div class=\"wp-block-group__inner-container is-layout-constrained wp-block-group-is-layout-constrained\">\n<p>La rencontre de l\u2019autre, de soi-m\u00eame, le partage et le dialogue seront aussi nourritures et auront une place de choix.<\/p>\n\n\n\n<div class=\"wp-block-cover alignleft is-light has-custom-content-position is-position-bottom-right has-small-font-size\" style=\"min-height:233px;aspect-ratio:unset;\"><span aria-hidden=\"true\" class=\"wp-block-cover__background has-background-dim-40 has-background-dim wp-block-cover__gradient-background has-background-gradient\" style=\"background:radial-gradient(rgb(252,185,0) 27%,rgb(255,105,0) 73%)\"><\/span><img decoding=\"async\" width=\"360\" height=\"269\" class=\"wp-block-cover__image-background wp-image-1229\" alt=\"\" src=\"https:\/\/www.ipgs.fr\/wp-content\/uploads\/seminar-motivation-goal-adventure-team-community-1633525-pxhere.com_.jpg\" style=\"object-position:57% 25%\" data-object-fit=\"cover\" data-object-position=\"57% 25%\" srcset=\"https:\/\/www.ipgs.fr\/wp-content\/uploads\/seminar-motivation-goal-adventure-team-community-1633525-pxhere.com_.jpg 360w, https:\/\/www.ipgs.fr\/wp-content\/uploads\/seminar-motivation-goal-adventure-team-community-1633525-pxhere.com_-300x224.jpg 300w\" sizes=\"(max-width: 360px) 100vw, 360px\" \/><div class=\"wp-block-cover__inner-container is-layout-flow wp-block-cover-is-layout-flow\">\n<p><strong>Stage \u00c9t\u00e9 2018<\/strong><\/p>\n<\/div><\/div>\n\n\n\n<p>Chaleur humaine et humour sont \u00e0 l\u2019honneur.<\/p>\n\n\n\n<p>Ce s\u00e9minaire est organis\u00e9 dans l\u2019esprit d\u2019un Yoga authentique o\u00f9 le sentiment d\u2019Unit\u00e9, de paix int\u00e9rieure, de bonheur d\u2019\u00catre n\u2019est pas un vain mot, mais bien une r\u00e9alit\u00e9 tangible pour le Bien de \u00ab soi-m\u00eame \u00bb et du \u00ab plus grand-nombre \u00bb.<\/p>\n<\/div><\/div>\n\n\n\n<p><\/p>\n\n\n\n<p><\/p>\n\n\n\n<figure class=\"wp-block-gallery has-nested-images columns-4 is-cropped wp-block-gallery-1 is-layout-flex wp-block-gallery-is-layout-flex\">\n<figure class=\"wp-block-image size-medium\"><img decoding=\"async\" width=\"300\" height=\"225\" data-id=\"1433\" src=\"https:\/\/www.ipgs.fr\/wp-content\/uploads\/Image1-300x225.jpg\" alt=\"\" class=\"wp-image-1433\" srcset=\"https:\/\/www.ipgs.fr\/wp-content\/uploads\/Image1-300x225.jpg 300w, https:\/\/www.ipgs.fr\/wp-content\/uploads\/Image1.jpg 433w\" sizes=\"(max-width: 300px) 100vw, 300px\" \/><\/figure>\n\n\n\n<figure class=\"wp-block-image size-medium\"><img loading=\"lazy\" decoding=\"async\" width=\"300\" height=\"225\" data-id=\"1435\" src=\"https:\/\/www.ipgs.fr\/wp-content\/uploads\/Image2-300x225.jpg\" alt=\"\" class=\"wp-image-1435\" srcset=\"https:\/\/www.ipgs.fr\/wp-content\/uploads\/Image2-300x225.jpg 300w, https:\/\/www.ipgs.fr\/wp-content\/uploads\/Image2.jpg 433w\" sizes=\"(max-width: 300px) 100vw, 300px\" \/><\/figure>\n\n\n\n<figure class=\"wp-block-image size-medium\"><img loading=\"lazy\" decoding=\"async\" width=\"225\" height=\"300\" data-id=\"1430\" src=\"https:\/\/www.ipgs.fr\/wp-content\/uploads\/Image3-225x300.jpg\" alt=\"\" class=\"wp-image-1430\" srcset=\"https:\/\/www.ipgs.fr\/wp-content\/uploads\/Image3-225x300.jpg 225w, https:\/\/www.ipgs.fr\/wp-content\/uploads\/Image3.jpg 325w\" sizes=\"(max-width: 225px) 100vw, 225px\" \/><\/figure>\n\n\n\n<figure class=\"wp-block-image size-medium\"><img loading=\"lazy\" decoding=\"async\" width=\"300\" height=\"225\" data-id=\"1436\" src=\"https:\/\/www.ipgs.fr\/wp-content\/uploads\/Image4-300x225.jpg\" alt=\"\" class=\"wp-image-1436\" srcset=\"https:\/\/www.ipgs.fr\/wp-content\/uploads\/Image4-300x225.jpg 300w, https:\/\/www.ipgs.fr\/wp-content\/uploads\/Image4.jpg 433w\" sizes=\"(max-width: 300px) 100vw, 300px\" \/><\/figure>\n\n\n\n<figure class=\"wp-block-image size-medium\"><img loading=\"lazy\" decoding=\"async\" width=\"300\" height=\"225\" data-id=\"1428\" src=\"https:\/\/www.ipgs.fr\/wp-content\/uploads\/Image5-300x225.jpg\" alt=\"\" class=\"wp-image-1428\" srcset=\"https:\/\/www.ipgs.fr\/wp-content\/uploads\/Image5-300x225.jpg 300w, https:\/\/www.ipgs.fr\/wp-content\/uploads\/Image5.jpg 433w\" sizes=\"(max-width: 300px) 100vw, 300px\" \/><\/figure>\n\n\n\n<figure class=\"wp-block-image size-medium\"><img loading=\"lazy\" decoding=\"async\" width=\"300\" height=\"225\" data-id=\"1429\" src=\"https:\/\/www.ipgs.fr\/wp-content\/uploads\/Image6-300x225.jpg\" alt=\"\" class=\"wp-image-1429\" srcset=\"https:\/\/www.ipgs.fr\/wp-content\/uploads\/Image6-300x225.jpg 300w, https:\/\/www.ipgs.fr\/wp-content\/uploads\/Image6.jpg 433w\" sizes=\"(max-width: 300px) 100vw, 300px\" \/><\/figure>\n\n\n\n<figure class=\"wp-block-image size-medium\"><img loading=\"lazy\" decoding=\"async\" width=\"300\" height=\"225\" data-id=\"1438\" src=\"https:\/\/www.ipgs.fr\/wp-content\/uploads\/Image7-300x225.jpg\" alt=\"\" class=\"wp-image-1438\" srcset=\"https:\/\/www.ipgs.fr\/wp-content\/uploads\/Image7-300x225.jpg 300w, https:\/\/www.ipgs.fr\/wp-content\/uploads\/Image7.jpg 433w\" sizes=\"(max-width: 300px) 100vw, 300px\" \/><\/figure>\n\n\n\n<figure class=\"wp-block-image size-medium\"><img loading=\"lazy\" decoding=\"async\" width=\"300\" height=\"225\" data-id=\"1431\" src=\"https:\/\/www.ipgs.fr\/wp-content\/uploads\/Image8-300x225.jpg\" alt=\"\" class=\"wp-image-1431\" srcset=\"https:\/\/www.ipgs.fr\/wp-content\/uploads\/Image8-300x225.jpg 300w, https:\/\/www.ipgs.fr\/wp-content\/uploads\/Image8.jpg 433w\" sizes=\"(max-width: 300px) 100vw, 300px\" \/><\/figure>\n\n\n\n<figure class=\"wp-block-image size-medium\"><img loading=\"lazy\" decoding=\"async\" width=\"225\" height=\"300\" data-id=\"1432\" src=\"https:\/\/www.ipgs.fr\/wp-content\/uploads\/Image9-225x300.jpg\" alt=\"\" class=\"wp-image-1432\" srcset=\"https:\/\/www.ipgs.fr\/wp-content\/uploads\/Image9-225x300.jpg 225w, https:\/\/www.ipgs.fr\/wp-content\/uploads\/Image9.jpg 325w\" sizes=\"(max-width: 225px) 100vw, 225px\" \/><\/figure>\n\n\n\n<figure class=\"wp-block-image size-medium\"><img loading=\"lazy\" decoding=\"async\" width=\"225\" height=\"300\" data-id=\"1440\" src=\"https:\/\/www.ipgs.fr\/wp-content\/uploads\/Image10-225x300.jpg\" alt=\"\" class=\"wp-image-1440\" srcset=\"https:\/\/www.ipgs.fr\/wp-content\/uploads\/Image10-225x300.jpg 225w, https:\/\/www.ipgs.fr\/wp-content\/uploads\/Image10.jpg 325w\" sizes=\"(max-width: 225px) 100vw, 225px\" \/><\/figure>\n\n\n\n<figure class=\"wp-block-image size-medium\"><img loading=\"lazy\" decoding=\"async\" width=\"225\" height=\"300\" data-id=\"1439\" src=\"https:\/\/www.ipgs.fr\/wp-content\/uploads\/Image11-225x300.jpg\" alt=\"\" class=\"wp-image-1439\" srcset=\"https:\/\/www.ipgs.fr\/wp-content\/uploads\/Image11-225x300.jpg 225w, https:\/\/www.ipgs.fr\/wp-content\/uploads\/Image11.jpg 325w\" sizes=\"(max-width: 225px) 100vw, 225px\" \/><\/figure>\n\n\n\n<figure class=\"wp-block-image size-medium\"><img loading=\"lazy\" decoding=\"async\" width=\"300\" height=\"225\" data-id=\"1437\" src=\"https:\/\/www.ipgs.fr\/wp-content\/uploads\/Image12-300x225.jpg\" alt=\"\" class=\"wp-image-1437\" srcset=\"https:\/\/www.ipgs.fr\/wp-content\/uploads\/Image12-300x225.jpg 300w, https:\/\/www.ipgs.fr\/wp-content\/uploads\/Image12-768x576.jpg 768w, https:\/\/www.ipgs.fr\/wp-content\/uploads\/Image12.jpg 846w\" sizes=\"(max-width: 300px) 100vw, 300px\" \/><\/figure>\n\n\n<div class=\"wp-block-image is-style-default\">\n<figure class=\"aligncenter size-medium\"><img loading=\"lazy\" decoding=\"async\" width=\"225\" height=\"300\" data-id=\"1449\" src=\"https:\/\/www.ipgs.fr\/wp-content\/uploads\/Image13-1-225x300.jpg\" alt=\"\" class=\"wp-image-1449\" srcset=\"https:\/\/www.ipgs.fr\/wp-content\/uploads\/Image13-1-225x300.jpg 225w, https:\/\/www.ipgs.fr\/wp-content\/uploads\/Image13-1.jpg 325w\" sizes=\"(max-width: 225px) 100vw, 225px\" \/><\/figure><\/div><\/figure>\n","protected":false},"excerpt":{"rendered":"<p>Ils s\u2019adressent \u00e0 tous d\u00e9sireux d\u2019approfondir et de d\u00e9velopper leurs connaissances :<\/p>\n<p>\u2022\u00a0 P\u00e9dagogie<br \/>\n\u2022\u00a0 G\u00e9n\u00e9rosit\u00e9<br \/>\n\u2022\u00a0 Profondeur<\/p>\n","protected":false},"author":1,"featured_media":1214,"parent":0,"menu_order":0,"comment_status":"closed","ping_status":"closed","template":"","meta":{"_uag_custom_page_level_css":"","footnotes":""},"class_list":["post-86","page","type-page","status-publish","has-post-thumbnail","hentry"],"uagb_featured_image_src":{"full":["https:\/\/www.ipgs.fr\/wp-content\/uploads\/nature-grass-group-meadow-adventure-workshop-739804-pxhere.com_.jpg",360,243,false],"thumbnail":["https:\/\/www.ipgs.fr\/wp-content\/uploads\/nature-grass-group-meadow-adventure-workshop-739804-pxhere.com_-150x150.jpg",150,150,true],"medium":["https:\/\/www.ipgs.fr\/wp-content\/uploads\/nature-grass-group-meadow-adventure-workshop-739804-pxhere.com_-300x203.jpg",300,203,true],"medium_large":["https:\/\/www.ipgs.fr\/wp-content\/uploads\/nature-grass-group-meadow-adventure-workshop-739804-pxhere.com_.jpg",360,243,false],"large":["https:\/\/www.ipgs.fr\/wp-content\/uploads\/nature-grass-group-meadow-adventure-workshop-739804-pxhere.com_.jpg",360,243,false],"1536x1536":["https:\/\/www.ipgs.fr\/wp-content\/uploads\/nature-grass-group-meadow-adventure-workshop-739804-pxhere.com_.jpg",360,243,false],"2048x2048":["https:\/\/www.ipgs.fr\/wp-content\/uploads\/nature-grass-group-meadow-adventure-workshop-739804-pxhere.com_.jpg",360,243,false],"featured-blog-large":["https:\/\/www.ipgs.fr\/wp-content\/uploads\/nature-grass-group-meadow-adventure-workshop-739804-pxhere.com_.jpg",360,243,false],"featured-blog-small":["https:\/\/www.ipgs.fr\/wp-content\/uploads\/nature-grass-group-meadow-adventure-workshop-739804-pxhere.com_-230x230.jpg",230,230,true],"featured-service":["https:\/\/www.ipgs.fr\/wp-content\/uploads\/nature-grass-group-meadow-adventure-workshop-739804-pxhere.com_.jpg",360,243,false],"featured-recent-work":["https:\/\/www.ipgs.fr\/wp-content\/uploads\/nature-grass-group-meadow-adventure-workshop-739804-pxhere.com_.jpg",360,243,false]},"uagb_author_info":{"display_name":"ipgswpadmin","author_link":"https:\/\/www.ipgs.fr\/index.php\/author\/ipgswpadmin\/"},"uagb_comment_info":0,"uagb_excerpt":"Ils s\u2019adressent \u00e0 tous d\u00e9sireux d\u2019approfondir et de d\u00e9velopper leurs connaissances : \u2022\u00a0 P\u00e9dagogie \u2022\u00a0 G\u00e9n\u00e9rosit\u00e9 \u2022\u00a0 Profondeur","_links":{"self":[{"href":"https:\/\/www.ipgs.fr\/index.php\/wp-json\/wp\/v2\/pages\/86","targetHints":{"allow":["GET"]}}],"collection":[{"href":"https:\/\/www.ipgs.fr\/index.php\/wp-json\/wp\/v2\/pages"}],"about":[{"href":"https:\/\/www.ipgs.fr\/index.php\/wp-json\/wp\/v2\/types\/page"}],"author":[{"embeddable":true,"href":"https:\/\/www.ipgs.fr\/index.php\/wp-json\/wp\/v2\/users\/1"}],"replies":[{"embeddable":true,"href":"https:\/\/www.ipgs.fr\/index.php\/wp-json\/wp\/v2\/comments?post=86"}],"version-history":[{"count":46,"href":"https:\/\/www.ipgs.fr\/index.php\/wp-json\/wp\/v2\/pages\/86\/revisions"}],"predecessor-version":[{"id":1452,"href":"https:\/\/www.ipgs.fr\/index.php\/wp-json\/wp\/v2\/pages\/86\/revisions\/1452"}],"wp:featuredmedia":[{"embeddable":true,"href":"https:\/\/www.ipgs.fr\/index.php\/wp-json\/wp\/v2\/media\/1214"}],"wp:attachment":[{"href":"https:\/\/www.ipgs.fr\/index.php\/wp-json\/wp\/v2\/media?parent=86"}],"curies":[{"name":"wp","href":"https:\/\/api.w.org\/{rel}","templated":true}]}}