{"id":514,"date":"2020-01-13T14:46:55","date_gmt":"2020-01-13T14:46:55","guid":{"rendered":"http:\/\/accelerate-free-lifestyle.qsandbox.com\/?page_id=279"},"modified":"2025-10-16T13:02:46","modified_gmt":"2025-10-16T11:02:46","slug":"cabinet-therapie","status":"publish","type":"page","link":"https:\/\/www.ipgs.fr\/index.php\/cabinet-therapie\/","title":{"rendered":"Psychoth\u00e9rapie"},"content":{"rendered":"\n<p class=\"has-luminous-vivid-orange-color has-text-color has-link-color has-medium-font-size wp-elements-e478f1805ce7d26d41ceb13f4e36d5be\"><strong>Cette page est en cours de mise \u00e0 jour&#8230;<\/strong><\/p>\n\n\n\n<blockquote class=\"wp-block-quote has-background is-layout-flow wp-block-quote-is-layout-flow\" style=\"background:radial-gradient(rgb(252,185,0) 52%,rgb(255,105,0) 84%)\">\n<p class=\"has-text-align-left\">Quand un homme tend la main \u00e0 un autre homme les deux s\u2019\u00e9l\u00e8vent et l\u2019humanit\u00e9 grandit en Humanit\u00e9.<br>Joseph Izquierdo<\/p>\n<\/blockquote>\n\n\n\n<p><strong>Le \u00ab cabinet de th\u00e9rapie \u00bb s\u2019adresse \u00e0 toutes personnes d\u00e9sireuses :<\/strong><\/p>\n\n\n\n<ul class=\"wp-block-list\">\n<li>D\u2019entreprendre une d\u00e9marche plus sp\u00e9cifique de d\u00e9veloppement personnel<\/li>\n\n\n\n<li>De recevoir un enseignement , \u00ab connaissance de soi \u00bb, gr\u00e2ce aux techniques de m\u00e9ditation<\/li>\n\n\n\n<li>De faire une th\u00e9rapie adapt\u00e9e \u00e0 leurs besoins<\/li>\n<\/ul>\n\n\n\n<figure class=\"wp-block-image size-large is-resized\"><img fetchpriority=\"high\" decoding=\"async\" width=\"1024\" height=\"505\" src=\"https:\/\/www.ipgs.fr\/wp-content\/uploads\/2024\/09\/img014-2021_03_12-10_21_55-UTC-1024x505.jpg\" alt=\"\" class=\"wp-image-52\" style=\"width:398px;height:auto\" srcset=\"https:\/\/www.ipgs.fr\/wp-content\/uploads\/2024\/09\/img014-2021_03_12-10_21_55-UTC-1024x505.jpg 1024w, https:\/\/www.ipgs.fr\/wp-content\/uploads\/2024\/09\/img014-2021_03_12-10_21_55-UTC-300x148.jpg 300w, https:\/\/www.ipgs.fr\/wp-content\/uploads\/2024\/09\/img014-2021_03_12-10_21_55-UTC-768x379.jpg 768w, https:\/\/www.ipgs.fr\/wp-content\/uploads\/2024\/09\/img014-2021_03_12-10_21_55-UTC-1536x757.jpg 1536w, https:\/\/www.ipgs.fr\/wp-content\/uploads\/2024\/09\/img014-2021_03_12-10_21_55-UTC-2048x1010.jpg 2048w\" sizes=\"(max-width: 1024px) 100vw, 1024px\" \/><\/figure>\n\n\n\n<p><strong>Plusieurs outils sont mis \u00e0 votre disposition :<\/strong><\/p>\n\n\n\n<ul class=\"wp-block-list\">\n<li>Psychoth\u00e9rapie<\/li>\n\n\n\n<li>Coaching professionnel<\/li>\n\n\n\n<li>Relaxation<\/li>\n\n\n\n<li>Soin \u00e9nerg\u00e9tique<\/li>\n\n\n\n<li>Yoga du son<\/li>\n<\/ul>\n\n\n\n<p class=\"has-text-align-center\">Cet accompagnement peut \u00eatre continu ou occasionnel en guise de supervision. Cette approche multidisciplinaire offre une grande richesse de connaissances et d\u2019efficacit\u00e9 quant aux r\u00e9sultats escompt\u00e9s.<\/p>\n\n\n\n<hr class=\"wp-block-separator has-alpha-channel-opacity\"\/>\n\n\n\n<div class=\"wp-block-columns margin-right: 10px; is-layout-flex wp-container-core-columns-is-layout-829b1d53 wp-block-columns-is-layout-flex\" style=\"margin-bottom:0\">\n<div class=\"wp-block-column has-text-color has-background has-link-color wp-elements-4ad94064b9539f4c1b87cd950e7bed99 is-layout-flow wp-block-column-is-layout-flow\" style=\"color:#000000;background-color:#ffe97d;padding-top:2em;padding-right:2em;padding-bottom:2em;padding-left:2em\">\n<h2 class=\"wp-block-heading has-black-color has-text-color has-link-color wp-elements-cd17fe28b625eeeff430d7e24edd19c3\" id=\"single\" style=\"font-size:28px\"><strong>Relaxation<\/strong><\/h2>\n\n\n\n<p class=\"has-normal-font-size\" style=\"line-height:1.5\"><strong>\u00ab La Relaxation c\u2019est le Sourire de la Vie \u00bb Joseph Izquierdo<\/strong><\/p>\n\n\n\n<hr class=\"wp-block-separator has-text-color has-css-opacity has-background is-style-wide\" style=\"background-color:#000000;color:#000000\"\/>\n\n\n\n<ul class=\"wp-block-list has-normal-font-size\">\n<li>La relaxation est la base de toute activit\u00e9 et compr\u00e9hension. Elle permet d\u2019appr\u00e9hender la vie avec davantage d\u2019objectivit\u00e9 et de recul&#8230;<\/li>\n<\/ul>\n\n\n\n<div class=\"wp-block-buttons alignfull is-horizontal is-content-justification-center is-layout-flex wp-container-core-buttons-is-layout-499968f5 wp-block-buttons-is-layout-flex\">\n<div class=\"wp-block-button has-custom-width wp-block-button__width-100\"><a class=\"wp-block-button__link has-white-color has-text-color has-background no-border-radius wp-element-button\" style=\"background-color:#000000\">Lire plus &#8230;<\/a><\/div>\n<\/div>\n<\/div>\n\n\n\n<div class=\"wp-block-column has-text-color has-background has-link-color wp-elements-70b204e0fd3e7bbd99f1ddf855f9ba4a is-layout-flow wp-block-column-is-layout-flow\" style=\"color:#000000;background-color:#f8b455;padding-top:2em;padding-right:2em;padding-bottom:2em;padding-left:2em\">\n<h2 class=\"wp-block-heading has-black-color has-text-color has-link-color wp-elements-1cc3ce0ce4ab382d58b13a061626fe03\" id=\"family\" style=\"font-size:28px\"><strong>Soins \u00e9nerg\u00e9tique<\/strong><\/h2>\n\n\n\n<p class=\"has-normal-font-size\" style=\"line-height:1.5\"><strong><strong>\u00ab Le corps est un champ \u00e9lectro-magn\u00e9tique enveloppant une Conscience libre et autonome \u00bb Joseph Izquierdo<\/strong><\/strong><\/p>\n\n\n\n<hr class=\"wp-block-separator has-css-opacity is-style-wide\"\/>\n\n\n\n<ul class=\"wp-block-list has-normal-font-size\">\n<li>Le magn\u00e9tisme est davantage un don qu&rsquo;une technique. Il est le fruit d&rsquo;une intensive qu\u00eate de soi. Il est particuli\u00e8rement d\u00e9velopp\u00e9 gr\u00e2ce aux techniques du yoga, de la relaxation, de la m\u00e9ditation et de la pri\u00e8re&#8230;<\/li>\n<\/ul>\n\n\n\n<div class=\"wp-block-buttons alignfull is-horizontal is-content-justification-center is-layout-flex wp-container-core-buttons-is-layout-499968f5 wp-block-buttons-is-layout-flex\">\n<div class=\"wp-block-button has-custom-width wp-block-button__width-100 is-style-fill\"><a class=\"wp-block-button__link has-white-color has-text-color has-background no-border-radius wp-element-button\" style=\"background-color:#000000\">Lire plus &#8230;<\/a><\/div>\n<\/div>\n<\/div>\n\n\n\n<div class=\"wp-block-column has-light-green-cyan-background-color has-text-color has-background has-link-color wp-elements-6bcce412c28635724983e73af037e075 is-layout-flow wp-block-column-is-layout-flow\" style=\"color:#000000;padding-top:2em;padding-right:2em;padding-bottom:2em;padding-left:2em\">\n<h2 class=\"wp-block-heading has-black-color has-text-color has-link-color wp-elements-b8e6e01224dadbb663434d65e36c3d4b\" id=\"patron\" style=\"font-size:28px\"><strong>Yoga du son<\/strong><\/h2>\n\n\n\n<p class=\"has-normal-font-size\"><strong>\u00ab La musique est une r\u00e9v\u00e9lation plus haute que toute sagesse et que toute philosophie \u00bb Ludwig van Beethoven<\/strong><\/p>\n\n\n\n<hr class=\"wp-block-separator has-css-opacity is-style-wide\"\/>\n\n\n\n<ul class=\"wp-block-list has-normal-font-size\">\n<li>Sa vie en un chant ininterrompu depuis sa tendre enfance, de la plainte \u00e0 la complainte.<\/li>\n\n\n\n<li>Le chant, il le pratique de mani\u00e8re naturelle et spontan\u00e9e explorant tous les registres de la voix.<\/li>\n\n\n\n<li>Doux et puissant, l\u00e9ger et profond sa voie est une qu\u00eate, r\u00e9concilier \u00ab corps\u2013\u00e2me-esprit \u00bb d\u2019un m\u00eame souffle&#8230;<\/li>\n<\/ul>\n\n\n\n<div class=\"wp-block-buttons alignfull is-horizontal is-content-justification-center is-layout-flex wp-container-core-buttons-is-layout-499968f5 wp-block-buttons-is-layout-flex\">\n<div class=\"wp-block-button has-custom-width wp-block-button__width-100\"><a class=\"wp-block-button__link has-white-color has-text-color has-background no-border-radius wp-element-button\" style=\"background-color:#000000\">Lire plus &#8230;<\/a><\/div>\n<\/div>\n<\/div>\n<\/div>\n\n\n\n<div class=\"wp-block-columns is-layout-flex wp-container-core-columns-is-layout-9d6595d7 wp-block-columns-is-layout-flex\">\n<div class=\"wp-block-column is-layout-flow wp-block-column-is-layout-flow\"><\/div>\n\n\n\n<div class=\"wp-block-column is-layout-flow wp-block-column-is-layout-flow\"><\/div>\n<\/div>\n\n\n\n<div class=\"wp-block-columns is-layout-flex wp-container-core-columns-is-layout-9d6595d7 wp-block-columns-is-layout-flex\">\n<div class=\"wp-block-column is-layout-flow wp-block-column-is-layout-flow\"><\/div>\n\n\n\n<div class=\"wp-block-column is-layout-flow wp-block-column-is-layout-flow\"><\/div>\n<\/div>\n","protected":false},"excerpt":{"rendered":"<p>Psychoth\u00e9rapie (Adultes)<br \/>\nPsychoth\u00e9rapie (pr\u00e9-Ado., Ado.)<br \/>\nCoaching professionnel<br \/>\nRelaxations<\/p>\n","protected":false},"author":1,"featured_media":34,"parent":0,"menu_order":0,"comment_status":"closed","ping_status":"closed","template":"","meta":{"_uag_custom_page_level_css":"","footnotes":""},"class_list":["post-514","page","type-page","status-publish","has-post-thumbnail","hentry"],"uagb_featured_image_src":{"full":["https:\/\/www.ipgs.fr\/wp-content\/uploads\/2024\/09\/Fotolia_52410656_M-2021_03_12-10_21_55-UTC.jpg",1688,1125,false],"thumbnail":["https:\/\/www.ipgs.fr\/wp-content\/uploads\/2024\/09\/Fotolia_52410656_M-2021_03_12-10_21_55-UTC-150x150.jpg",150,150,true],"medium":["https:\/\/www.ipgs.fr\/wp-content\/uploads\/2024\/09\/Fotolia_52410656_M-2021_03_12-10_21_55-UTC-300x200.jpg",300,200,true],"medium_large":["https:\/\/www.ipgs.fr\/wp-content\/uploads\/2024\/09\/Fotolia_52410656_M-2021_03_12-10_21_55-UTC-768x512.jpg",720,480,true],"large":["https:\/\/www.ipgs.fr\/wp-content\/uploads\/2024\/09\/Fotolia_52410656_M-2021_03_12-10_21_55-UTC-1024x682.jpg",720,480,true],"1536x1536":["https:\/\/www.ipgs.fr\/wp-content\/uploads\/2024\/09\/Fotolia_52410656_M-2021_03_12-10_21_55-UTC-1536x1024.jpg",1536,1024,true],"2048x2048":["https:\/\/www.ipgs.fr\/wp-content\/uploads\/2024\/09\/Fotolia_52410656_M-2021_03_12-10_21_55-UTC.jpg",1688,1125,false],"featured-blog-large":["https:\/\/www.ipgs.fr\/wp-content\/uploads\/2024\/09\/Fotolia_52410656_M-2021_03_12-10_21_55-UTC.jpg",450,300,false],"featured-blog-small":["https:\/\/www.ipgs.fr\/wp-content\/uploads\/2024\/09\/Fotolia_52410656_M-2021_03_12-10_21_55-UTC.jpg",230,153,false],"featured-service":["https:\/\/www.ipgs.fr\/wp-content\/uploads\/2024\/09\/Fotolia_52410656_M-2021_03_12-10_21_55-UTC.jpg",495,330,false],"featured-recent-work":["https:\/\/www.ipgs.fr\/wp-content\/uploads\/2024\/09\/Fotolia_52410656_M-2021_03_12-10_21_55-UTC.jpg",365,243,false]},"uagb_author_info":{"display_name":"ipgswpadmin","author_link":"https:\/\/www.ipgs.fr\/index.php\/author\/ipgswpadmin\/"},"uagb_comment_info":0,"uagb_excerpt":"Psychoth\u00e9rapie (Adultes) Psychoth\u00e9rapie (pr\u00e9-Ado., Ado.) Coaching professionnel Relaxations","_links":{"self":[{"href":"https:\/\/www.ipgs.fr\/index.php\/wp-json\/wp\/v2\/pages\/514","targetHints":{"allow":["GET"]}}],"collection":[{"href":"https:\/\/www.ipgs.fr\/index.php\/wp-json\/wp\/v2\/pages"}],"about":[{"href":"https:\/\/www.ipgs.fr\/index.php\/wp-json\/wp\/v2\/types\/page"}],"author":[{"embeddable":true,"href":"https:\/\/www.ipgs.fr\/index.php\/wp-json\/wp\/v2\/users\/1"}],"replies":[{"embeddable":true,"href":"https:\/\/www.ipgs.fr\/index.php\/wp-json\/wp\/v2\/comments?post=514"}],"version-history":[{"count":85,"href":"https:\/\/www.ipgs.fr\/index.php\/wp-json\/wp\/v2\/pages\/514\/revisions"}],"predecessor-version":[{"id":1617,"href":"https:\/\/www.ipgs.fr\/index.php\/wp-json\/wp\/v2\/pages\/514\/revisions\/1617"}],"wp:featuredmedia":[{"embeddable":true,"href":"https:\/\/www.ipgs.fr\/index.php\/wp-json\/wp\/v2\/media\/34"}],"wp:attachment":[{"href":"https:\/\/www.ipgs.fr\/index.php\/wp-json\/wp\/v2\/media?parent=514"}],"curies":[{"name":"wp","href":"https:\/\/api.w.org\/{rel}","templated":true}]}}