{"id":283,"date":"2024-09-05T23:39:44","date_gmt":"2024-09-05T21:39:44","guid":{"rendered":"http:\/\/www.ipgs.fr\/?page_id=283"},"modified":"2024-10-16T00:33:36","modified_gmt":"2024-10-15T22:33:36","slug":"home-test","status":"publish","type":"page","link":"https:\/\/www.ipgs.fr\/index.php\/home-test\/","title":{"rendered":"home"},"content":{"rendered":"\n<div class=\"wp-block-group has-white-background-color has-background\"><div class=\"wp-block-group__inner-container is-layout-constrained wp-block-group-is-layout-constrained\">\n<div class=\"wp-block-columns is-layout-flex wp-container-core-columns-is-layout-9d6595d7 wp-block-columns-is-layout-flex\">\n<div class=\"wp-block-column is-vertically-aligned-stretch is-layout-flow wp-block-column-is-layout-flow\">\n<div class=\"wp-block-group alignfull is-content-justification-center\" style=\"margin-top:0;margin-bottom:0\"><div class=\"wp-block-group__inner-container is-layout-constrained wp-block-group-is-layout-constrained\">\n<div style=\"height:var(--wp--preset--spacing--20)\" aria-hidden=\"true\" class=\"wp-block-spacer\"><\/div>\n\n\n\n<div class=\"wp-block-group alignwide\"><div class=\"wp-block-group__inner-container is-layout-flow wp-block-group-is-layout-flow\">\n<div style=\"height:var(--wp--preset--spacing--20)\" aria-hidden=\"true\" class=\"wp-block-spacer\"><\/div>\n\n\n\n<figure class=\"wp-block-image size-large\"><img fetchpriority=\"high\" decoding=\"async\" width=\"1024\" height=\"683\" src=\"https:\/\/www.ipgs.fr\/wp-content\/uploads\/2024\/09\/julio-lopez-Iv9bn9PaEI8-unsplash-1024x683.jpg\" alt=\"\" class=\"wp-image-294\" style=\"aspect-ratio:16\/9;object-fit:cover\" srcset=\"https:\/\/www.ipgs.fr\/wp-content\/uploads\/2024\/09\/julio-lopez-Iv9bn9PaEI8-unsplash-1024x683.jpg 1024w, https:\/\/www.ipgs.fr\/wp-content\/uploads\/2024\/09\/julio-lopez-Iv9bn9PaEI8-unsplash-300x200.jpg 300w, https:\/\/www.ipgs.fr\/wp-content\/uploads\/2024\/09\/julio-lopez-Iv9bn9PaEI8-unsplash-768x512.jpg 768w, https:\/\/www.ipgs.fr\/wp-content\/uploads\/2024\/09\/julio-lopez-Iv9bn9PaEI8-unsplash-1536x1024.jpg 1536w, https:\/\/www.ipgs.fr\/wp-content\/uploads\/2024\/09\/julio-lopez-Iv9bn9PaEI8-unsplash-2048x1365.jpg 2048w\" sizes=\"(max-width: 1024px) 100vw, 1024px\" \/><\/figure>\n\n\n\n<h2 class=\"wp-block-heading has-text-align-center has-luminous-vivid-orange-color has-text-color has-link-color wp-elements-12dc5994dc6de34b1b9aa9b97340388e\">Yoga &#8211; Relaxation<\/h2>\n\n\n\n<p>Le Yoga bidule machin chose truc jksjkpbv klf fdfgjg gkfjgkdflg dfkgjdfkgk gdfkgh kgslgseiopze gtld voil voilou du boudin<\/p>\n\n\n\n<div class=\"wp-block-buttons is-content-justification-center is-layout-flex wp-container-core-buttons-is-layout-16018d1d wp-block-buttons-is-layout-flex\">\n<div class=\"wp-block-button has-custom-width wp-block-button__width-50 has-custom-font-size is-style-outline is-style-outline--1\" id=\"yogaralaxation\" style=\"font-size:13px;font-style:normal;font-weight:500;text-decoration:none;text-transform:none\"><a class=\"wp-block-button__link has-luminous-vivid-orange-color has-white-background-color has-text-color has-background has-link-color wp-element-button\" href=\"https:\/\/www.ipgs.fr\/index.php\/parallax-header\/\" style=\"border-radius:25px\" rel=\"https:\/\/www.ipgs.fr\/index.php\/parallax-header\/\">lire plus&#8230;<\/a><\/div>\n<\/div>\n<\/div><\/div>\n\n\n\n<div style=\"height:var(--wp--preset--spacing--20)\" aria-hidden=\"true\" class=\"wp-block-spacer\"><\/div>\n<\/div><\/div>\n<\/div>\n\n\n\n<div class=\"wp-block-column is-vertically-aligned-stretch is-layout-flow wp-block-column-is-layout-flow\">\n<div class=\"wp-block-group alignfull is-content-justification-center\" style=\"margin-top:0;margin-bottom:0\"><div class=\"wp-block-group__inner-container is-layout-constrained wp-block-group-is-layout-constrained\">\n<div style=\"height:var(--wp--preset--spacing--20)\" aria-hidden=\"true\" class=\"wp-block-spacer\"><\/div>\n\n\n\n<div class=\"wp-block-group alignwide\"><div class=\"wp-block-group__inner-container is-layout-flow wp-block-group-is-layout-flow\">\n<div style=\"height:var(--wp--preset--spacing--20)\" aria-hidden=\"true\" class=\"wp-block-spacer\"><\/div>\n\n\n\n<figure class=\"wp-block-image size-full is-style-default\"><img decoding=\"async\" width=\"2048\" height=\"2560\" src=\"https:\/\/www.ipgs.fr\/wp-content\/uploads\/2024\/09\/gaspar-zaldo-G3gT88pLYbM-unsplash-scaled.jpg\" alt=\"\" class=\"wp-image-293\" style=\"aspect-ratio:16\/9;object-fit:cover\" srcset=\"https:\/\/www.ipgs.fr\/wp-content\/uploads\/2024\/09\/gaspar-zaldo-G3gT88pLYbM-unsplash-scaled.jpg 2048w, https:\/\/www.ipgs.fr\/wp-content\/uploads\/2024\/09\/gaspar-zaldo-G3gT88pLYbM-unsplash-240x300.jpg 240w, https:\/\/www.ipgs.fr\/wp-content\/uploads\/2024\/09\/gaspar-zaldo-G3gT88pLYbM-unsplash-819x1024.jpg 819w, https:\/\/www.ipgs.fr\/wp-content\/uploads\/2024\/09\/gaspar-zaldo-G3gT88pLYbM-unsplash-768x960.jpg 768w, https:\/\/www.ipgs.fr\/wp-content\/uploads\/2024\/09\/gaspar-zaldo-G3gT88pLYbM-unsplash-1229x1536.jpg 1229w, https:\/\/www.ipgs.fr\/wp-content\/uploads\/2024\/09\/gaspar-zaldo-G3gT88pLYbM-unsplash-1638x2048.jpg 1638w\" sizes=\"(max-width: 2048px) 100vw, 2048px\" \/><\/figure>\n\n\n\n<h2 class=\"wp-block-heading has-text-align-center has-luminous-vivid-orange-color has-text-color has-link-color wp-elements-09ae49aa1659536141b1fce9367fbec9\">M\u00e9ditation<\/h2>\n\n\n\n<p>Le Yoga bidule machin chos etruc jksjkpbv klf fdfgjg gkfjgkdflg dfkgjdfkgk gdfkgh kgslgseiopze gtld voil voilou du boudin<\/p>\n\n\n\n<div class=\"wp-block-buttons is-content-justification-center is-layout-flex wp-container-core-buttons-is-layout-16018d1d wp-block-buttons-is-layout-flex\">\n<div class=\"wp-block-button has-custom-width wp-block-button__width-50 has-custom-font-size is-style-outline has-small-font-size is-style-outline--2\" style=\"font-style:normal;font-weight:500\"><a class=\"wp-block-button__link has-luminous-vivid-orange-color has-white-background-color has-text-color has-background has-link-color wp-element-button\" style=\"border-radius:10px\">lire plus&#8230;<\/a><\/div>\n<\/div>\n<\/div><\/div>\n\n\n\n<div style=\"height:var(--wp--preset--spacing--20)\" aria-hidden=\"true\" class=\"wp-block-spacer\"><\/div>\n<\/div><\/div>\n<\/div>\n\n\n\n<div class=\"wp-block-column is-vertically-aligned-stretch is-layout-flow wp-block-column-is-layout-flow\">\n<div class=\"wp-block-group alignfull is-content-justification-center\" style=\"margin-top:0;margin-bottom:0\"><div class=\"wp-block-group__inner-container is-layout-constrained wp-block-group-is-layout-constrained\">\n<div style=\"height:var(--wp--preset--spacing--20)\" aria-hidden=\"true\" class=\"wp-block-spacer\"><\/div>\n\n\n\n<div class=\"wp-block-group alignwide\"><div class=\"wp-block-group__inner-container is-layout-flow wp-block-group-is-layout-flow\">\n<div style=\"height:var(--wp--preset--spacing--20)\" aria-hidden=\"true\" class=\"wp-block-spacer\"><\/div>\n\n\n\n<figure class=\"wp-block-image size-full\"><img decoding=\"async\" width=\"2545\" height=\"1255\" src=\"https:\/\/www.ipgs.fr\/wp-content\/uploads\/2024\/09\/img014-2021_03_12-10_21_55-UTC.jpg\" alt=\"\" class=\"wp-image-52\" style=\"aspect-ratio:16\/9;object-fit:cover\" srcset=\"https:\/\/www.ipgs.fr\/wp-content\/uploads\/2024\/09\/img014-2021_03_12-10_21_55-UTC.jpg 2545w, https:\/\/www.ipgs.fr\/wp-content\/uploads\/2024\/09\/img014-2021_03_12-10_21_55-UTC-300x148.jpg 300w, https:\/\/www.ipgs.fr\/wp-content\/uploads\/2024\/09\/img014-2021_03_12-10_21_55-UTC-1024x505.jpg 1024w, https:\/\/www.ipgs.fr\/wp-content\/uploads\/2024\/09\/img014-2021_03_12-10_21_55-UTC-768x379.jpg 768w, https:\/\/www.ipgs.fr\/wp-content\/uploads\/2024\/09\/img014-2021_03_12-10_21_55-UTC-1536x757.jpg 1536w, https:\/\/www.ipgs.fr\/wp-content\/uploads\/2024\/09\/img014-2021_03_12-10_21_55-UTC-2048x1010.jpg 2048w\" sizes=\"(max-width: 2545px) 100vw, 2545px\" \/><\/figure>\n\n\n\n<h2 class=\"wp-block-heading has-text-align-center has-luminous-vivid-orange-color has-text-color has-link-color wp-elements-a3dc76ebaaae77dd21ca345e6f2a3c7d\">Cabinet th\u00e9rapie<\/h2>\n\n\n\n<p>Le Yoga bidule machin chose truc jksjkpbv klf fdfgjg gkfjgkdflg dfkgjdfkgk gdfkgh kgslgseiopze gtld voil voilou du boudin<\/p>\n\n\n\n<div class=\"wp-block-buttons is-content-justification-center is-layout-flex wp-container-core-buttons-is-layout-16018d1d wp-block-buttons-is-layout-flex\">\n<div class=\"wp-block-button has-custom-font-size is-style-outline has-small-font-size is-style-outline--3\" style=\"font-style:normal;font-weight:500\"><a class=\"wp-block-button__link has-luminous-vivid-orange-color has-white-background-color has-text-color has-background has-link-color wp-element-button\">lire plus&#8230;<\/a><\/div>\n<\/div>\n<\/div><\/div>\n\n\n\n<div style=\"height:var(--wp--preset--spacing--20)\" aria-hidden=\"true\" class=\"wp-block-spacer\"><\/div>\n<\/div><\/div>\n<\/div>\n<\/div>\n<\/div><\/div>\n\n\n\n<p><\/p>\n","protected":false},"excerpt":{"rendered":"<p>Le Yoga, est une forme de gymnastique douce o\u00f9 les exercices propos\u00e9s s\u2019encha\u00eenent<\/p>\n<p>harmonieusement.<\/p>\n<p>Cela permet d\u2019\u00eatre conscient, de mieux vivre le mouvement et la sensation produite dans le corps.<\/p>\n<p>Chacun chemine \u00e0 son rythme suivant ses possibilit\u00e9s.<br \/>\nIl produit BIEN-\u00caTRE Physique et BIEN-\u00caTRE mental.<\/p>\n","protected":false},"author":1,"featured_media":0,"parent":0,"menu_order":0,"comment_status":"closed","ping_status":"closed","template":"","meta":{"_uag_custom_page_level_css":"","footnotes":"[]"},"class_list":["post-283","page","type-page","status-publish","hentry"],"uagb_featured_image_src":{"full":false,"thumbnail":false,"medium":false,"medium_large":false,"large":false,"1536x1536":false,"2048x2048":false,"featured-blog-large":false,"featured-blog-small":false,"featured-service":false,"featured-recent-work":false},"uagb_author_info":{"display_name":"ipgswpadmin","author_link":"https:\/\/www.ipgs.fr\/index.php\/author\/ipgswpadmin\/"},"uagb_comment_info":0,"uagb_excerpt":"Le Yoga, est une forme de gymnastique douce o\u00f9 les exercices propos\u00e9s s\u2019encha\u00eenent harmonieusement. Cela permet d\u2019\u00eatre conscient, de mieux vivre le mouvement et la sensation produite dans le corps. Chacun chemine \u00e0 son rythme suivant ses possibilit\u00e9s. Il produit BIEN-\u00caTRE Physique et BIEN-\u00caTRE mental.","_links":{"self":[{"href":"https:\/\/www.ipgs.fr\/index.php\/wp-json\/wp\/v2\/pages\/283","targetHints":{"allow":["GET"]}}],"collection":[{"href":"https:\/\/www.ipgs.fr\/index.php\/wp-json\/wp\/v2\/pages"}],"about":[{"href":"https:\/\/www.ipgs.fr\/index.php\/wp-json\/wp\/v2\/types\/page"}],"author":[{"embeddable":true,"href":"https:\/\/www.ipgs.fr\/index.php\/wp-json\/wp\/v2\/users\/1"}],"replies":[{"embeddable":true,"href":"https:\/\/www.ipgs.fr\/index.php\/wp-json\/wp\/v2\/comments?post=283"}],"version-history":[{"count":28,"href":"https:\/\/www.ipgs.fr\/index.php\/wp-json\/wp\/v2\/pages\/283\/revisions"}],"predecessor-version":[{"id":703,"href":"https:\/\/www.ipgs.fr\/index.php\/wp-json\/wp\/v2\/pages\/283\/revisions\/703"}],"wp:attachment":[{"href":"https:\/\/www.ipgs.fr\/index.php\/wp-json\/wp\/v2\/media?parent=283"}],"curies":[{"name":"wp","href":"https:\/\/api.w.org\/{rel}","templated":true}]}}