{"id":262,"date":"2014-02-17T14:18:05","date_gmt":"2014-02-17T14:18:05","guid":{"rendered":"http:\/\/demo.themegrill.com\/radiate\/?page_id=42"},"modified":"2024-09-17T14:16:31","modified_gmt":"2024-09-17T12:16:31","slug":"yoga-relaxation","status":"publish","type":"page","link":"https:\/\/www.ipgs.fr\/index.php\/yoga-relaxation\/","title":{"rendered":"Yoga &#8211; Relaxation"},"content":{"rendered":"\n\n\n\n<div class=\"wp-block-image\">\n<figure class=\"aligncenter size-medium\"><img fetchpriority=\"high\" decoding=\"async\" width=\"300\" height=\"200\" src=\"https:\/\/www.ipgs.fr\/wp-content\/uploads\/2024\/09\/julio-lopez-Iv9bn9PaEI8-unsplash-300x200.jpg\" alt=\"\" class=\"wp-image-294\" srcset=\"https:\/\/www.ipgs.fr\/wp-content\/uploads\/2024\/09\/julio-lopez-Iv9bn9PaEI8-unsplash-300x200.jpg 300w, https:\/\/www.ipgs.fr\/wp-content\/uploads\/2024\/09\/julio-lopez-Iv9bn9PaEI8-unsplash-1024x683.jpg 1024w, https:\/\/www.ipgs.fr\/wp-content\/uploads\/2024\/09\/julio-lopez-Iv9bn9PaEI8-unsplash-768x512.jpg 768w, https:\/\/www.ipgs.fr\/wp-content\/uploads\/2024\/09\/julio-lopez-Iv9bn9PaEI8-unsplash-1536x1024.jpg 1536w, https:\/\/www.ipgs.fr\/wp-content\/uploads\/2024\/09\/julio-lopez-Iv9bn9PaEI8-unsplash-2048x1365.jpg 2048w\" sizes=\"(max-width: 300px) 100vw, 300px\" \/><\/figure><\/div>\n\n<h3 style=\"text-align: center;\">Qu&rsquo;est-ce que le YOGA ?<\/h3>\n<p>Le Yoga, dans une premi\u00e8re approche, peut \u00eatre assimil\u00e9 \u00e0 une forme de gymnastique douce o\u00f9 les exercices propos\u00e9s s\u2019encha\u00eenent harmonieusement, avec lenteur.<\/p>\n<p>Cette mani\u00e8re de proc\u00e9der nous permet d\u2019\u00eatre conscient de ce que nous faisons, de mieux vivre le mouvement et la sensation produite dans le corps.<\/p>\n<p>Le Yoga ne peut \u00eatre apparent\u00e9 \u00e0 un sport ; l\u2019esprit de comp\u00e9tition lui est \u00e9tranger. Chacun chemine \u00e0 son rythme suivant ses possibilit\u00e9s.<\/p>\n<p>La pratique du Yoga joue un r\u00f4le important dans la sensation de BIEN-\u00caTRE.<br \/>Le corps se trouve assaini et tonifi\u00e9. Il se d\u00e9veloppe alors harmonieusement<br \/>(ex. les surcharges pond\u00e9rales sont mieux \u00e9limin\u00e9es).<\/p>\n<p>Ces exercices n\u2019ont pas seulement un bienfait sur l\u2019enveloppe ext\u00e9rieure, ils ont aussi une action r\u00e9g\u00e9n\u00e9ratrice en profondeur. L\u2019alternance \u00e9tirement\/flexion des postures, masse tout l\u2019organisme.<\/p>\n<p>Le syst\u00e8me nerveux b\u00e9n\u00e9ficie grandement de ce massage et s\u2019\u00e9quilibre naturellement. L\u2019encha\u00eenement rythm\u00e9 des postures, conduit progressivement vers un \u00e9tat de qui\u00e9tude.<br \/>L\u2019effort physique laisse place \u00e0 une douceur d\u2019\u00eatre.<\/p>\n<p>Cette m\u00e9thode simple, accessible \u00e0 tous, ne comporte aucun danger. La pr\u00e9sence vigilante de l\u2019enseignant, invite, sollicite, mod\u00e8re, corrige, soutient, encourage le participant dans sa pratique.<\/p>\n<p>Les bienfaits du Yoga sont si tangibles que l \u2018on en parle en termes de vertus th\u00e9rapeutiques. Nombreux sont les m\u00e9decins pr\u00e9conisant le Yoga \u00e0 leurs patients, comme moyen efficace d\u2019entretenir ou de recouvrer la sant\u00e9 physique et mentale.<\/p>\n<h3 style=\"text-align: center;\">Les aspects b\u00e9n\u00e9fiques<\/h3>\n<h4>Le Corps<\/h4>\n<ul>\n<li>\u00a0 Soulage les probl\u00e8mes de dos<\/li>\n<li>\u00a0 Tonifie et raffermit la musculature, agissant sur la plasticit\u00e9 du corps, qu\u2019il affine<\/li>\n<li>\u00a0 D\u00e9veloppe la souplesse, souplesse \u00e9tant synonyme de jeunesse<\/li>\n<li>\u00a0 Lutte contre la s\u00e9nilit\u00e9 et le vieillissement pr\u00e9coce<\/li>\n<li>\u00a0 R\u00e9g\u00e9n\u00e8re les organes vitaux et le syst\u00e8me endocrinien<\/li>\n<li>\u00a0 Active la circulation sanguine et lymphatique<\/li>\n<li>\u00a0 R\u00e9\u00e9quilibre le syst\u00e8me nerveux (sympathique, parasympathique).<\/li>\n<\/ul>\n<h4>Le Souffle<\/h4>\n<ul>\n<li>\u00a0 Oxyg\u00e8ne et revitalise le cerveau ; favorise la m\u00e9moire et la concentration<\/li>\n<li>\u00a0 Permet l\u2019apprentissage d\u2019une respiration profonde et compl\u00e8te<\/li>\n<li>\u00a0 Aide \u00e0 mieux g\u00e9rer l\u2019\u00e9motivit\u00e9 gr\u00e2ce \u00e0 la conscience du souffle<\/li>\n<\/ul>\n<h4>Le Mental<\/h4>\n<ul>\n<li>\u00a0 Restaure l\u2019image du corps par le d\u00e9veloppement de la conscience de soi<\/li>\n<li>\u00a0 Permet de lutter efficacement contre les maux de la vie moderne :<\/li>\n<li>\u00a0 stress, angoisse, manque de confiance, vide existentiel<\/li>\n<li>\u00a0 Am\u00e9liore la relation \u00e0 soi et aux autres<\/li>\n<li>\u00a0 Apaise le mental et lib\u00e8re l\u2019intuition.<\/li>\n<\/ul>\n<h4>L\u2019 \u00catre<\/h4>\n<ul>\n<li>\u00a0 Redonne l\u2019autonomie et la libert\u00e9 int\u00e9rieure<\/li>\n<li>\u00a0 Ouvre l\u2019individu \u00e0 la profondeur de son \u00eatre<\/li>\n<li>\u00a0 Procure la sensation d\u2019harmonie, de calme, de bien-\u00eatre<\/li>\n<li>\u00a0 Enseigne la ma\u00eetrise de soi tout en restant naturel et spontan\u00e9<\/li>\n<li>\u00a0 Procure la joie et le plaisir simple d\u2019exister.<\/li>\n<\/ul>\n<h3 style=\"text-align: center;\">La relaxation profonde<\/h3>\n<p>Tout le cours converge vers un \u00e9tat de d\u00e9tente physique et mentale.<\/p>\n<p>Plac\u00e9e en fin de s\u00e9ance, d\u2019une dur\u00e9e de 15 minutes, la relaxation occupe une place de choix, parachevant le travail postural r\u00e9alis\u00e9 pr\u00e9c\u00e9demment.<br \/>Le pratiquant allong\u00e9 sur le dos et confortablement install\u00e9, d\u00e9tend tout son corps. Dans un parfait \u00e9tat de rel\u00e2chement, la conscience \u00e9veill\u00e9e procure un sentiment de grande lucidit\u00e9.<br \/>Il est possible d\u2019exp\u00e9rimenter cet \u00e9tat d\u2019\u00eatre tant recherch\u00e9, nourri de vigilance et de d\u00e9tente, de conscience et de l\u00e2cher-prise. Corps et mental se trouvent apais\u00e9s, r\u00e9-harmonis\u00e9s, unifi\u00e9s.<br \/>Les pens\u00e9es se font rares et le mental silencieux. Ce silence int\u00e9rieur n\u2019est pas le silence d\u2019une absence, mais celui d\u2019une totale pr\u00e9sence.<\/p>\n\n\n\n\n<blockquote class=\"wp-block-quote has-text-align-center is-style-default has-black-color has-white-background-color has-text-color has-background has-link-color has-small-font-size wp-elements-5b21f8e576e9dc6be94f82e41a434788 is-layout-flow wp-block-quote-is-layout-flow\">\n<pre class=\"wp-block-verse .wp-block-verse { border-radius: 6%\/15%} has-black-color has-text-color has-background has-link-color has-medium-font-size wp-elements-f6ee1c84be7735084a0242c1546eca46\" style=\"background:linear-gradient(135deg,rgb(255,245,203) 8%,rgb(182,227,212) 34%,rgb(251,155,0) 79%);font-style:normal;font-weight:400\">\u00ab Ne durera-t-il, en ses d\u00e9buts, qu\u2019un laps de temps fort r\u00e9duit ?<br>Peu importe<br>Dans le d\u00e9sert tumultueux de nos existences,<br>la goutte d\u2019eau n\u2019a-t-elle pas d\u00e9j\u00e0<br>toute la saveur<br>de l\u2019 Oc\u00e9an ? \u00bb<\/pre>\n\n\n<div class=\"wp-block-image\">\n<figure class=\"alignright size-large\"><img decoding=\"async\" width=\"1024\" height=\"258\" src=\"https:\/\/www.ipgs.fr\/wp-content\/uploads\/2024\/09\/Fotolia_49840798_M-2021_03_12-10_21_55-UTC-1024x258.jpg\" alt=\"\" class=\"wp-image-33\" srcset=\"https:\/\/www.ipgs.fr\/wp-content\/uploads\/2024\/09\/Fotolia_49840798_M-2021_03_12-10_21_55-UTC-1024x258.jpg 1024w, https:\/\/www.ipgs.fr\/wp-content\/uploads\/2024\/09\/Fotolia_49840798_M-2021_03_12-10_21_55-UTC-300x76.jpg 300w, https:\/\/www.ipgs.fr\/wp-content\/uploads\/2024\/09\/Fotolia_49840798_M-2021_03_12-10_21_55-UTC-768x194.jpg 768w, https:\/\/www.ipgs.fr\/wp-content\/uploads\/2024\/09\/Fotolia_49840798_M-2021_03_12-10_21_55-UTC-1536x387.jpg 1536w, https:\/\/www.ipgs.fr\/wp-content\/uploads\/2024\/09\/Fotolia_49840798_M-2021_03_12-10_21_55-UTC-2048x516.jpg 2048w\" sizes=\"(max-width: 1024px) 100vw, 1024px\" \/><\/figure><\/div><\/blockquote>\n\n\n\n<figure class=\"wp-block-gallery has-nested-images columns-default is-cropped wp-block-gallery-1 is-layout-flex wp-block-gallery-is-layout-flex\"><\/figure>\n\n\n\n<p><\/p>\n","protected":false},"excerpt":{"rendered":"<p>Le Yoga, est une forme de gymnastique douce en conscience permettant de mieux vivre le mouvement et la sensation produite dans le corps. Le yoga produit BIEN-\u00caTRE Physique et BIEN-\u00caTRE mental.<\/p>\n","protected":false},"author":1,"featured_media":294,"parent":0,"menu_order":0,"comment_status":"closed","ping_status":"closed","template":"","meta":{"_uag_custom_page_level_css":"","footnotes":""},"class_list":["post-262","page","type-page","status-publish","has-post-thumbnail","hentry"],"uagb_featured_image_src":{"full":["https:\/\/www.ipgs.fr\/wp-content\/uploads\/2024\/09\/julio-lopez-Iv9bn9PaEI8-unsplash-scaled.jpg",2560,1707,false],"thumbnail":["https:\/\/www.ipgs.fr\/wp-content\/uploads\/2024\/09\/julio-lopez-Iv9bn9PaEI8-unsplash-150x150.jpg",150,150,true],"medium":["https:\/\/www.ipgs.fr\/wp-content\/uploads\/2024\/09\/julio-lopez-Iv9bn9PaEI8-unsplash-300x200.jpg",300,200,true],"medium_large":["https:\/\/www.ipgs.fr\/wp-content\/uploads\/2024\/09\/julio-lopez-Iv9bn9PaEI8-unsplash-768x512.jpg",720,480,true],"large":["https:\/\/www.ipgs.fr\/wp-content\/uploads\/2024\/09\/julio-lopez-Iv9bn9PaEI8-unsplash-1024x683.jpg",720,480,true],"1536x1536":["https:\/\/www.ipgs.fr\/wp-content\/uploads\/2024\/09\/julio-lopez-Iv9bn9PaEI8-unsplash-1536x1024.jpg",1536,1024,true],"2048x2048":["https:\/\/www.ipgs.fr\/wp-content\/uploads\/2024\/09\/julio-lopez-Iv9bn9PaEI8-unsplash-2048x1365.jpg",2048,1365,true],"featured-blog-large":["https:\/\/www.ipgs.fr\/wp-content\/uploads\/2024\/09\/julio-lopez-Iv9bn9PaEI8-unsplash-scaled.jpg",450,300,false],"featured-blog-small":["https:\/\/www.ipgs.fr\/wp-content\/uploads\/2024\/09\/julio-lopez-Iv9bn9PaEI8-unsplash-scaled.jpg",230,153,false],"featured-service":["https:\/\/www.ipgs.fr\/wp-content\/uploads\/2024\/09\/julio-lopez-Iv9bn9PaEI8-unsplash-scaled.jpg",495,330,false],"featured-recent-work":["https:\/\/www.ipgs.fr\/wp-content\/uploads\/2024\/09\/julio-lopez-Iv9bn9PaEI8-unsplash-scaled.jpg",365,243,false]},"uagb_author_info":{"display_name":"ipgswpadmin","author_link":"https:\/\/www.ipgs.fr\/index.php\/author\/ipgswpadmin\/"},"uagb_comment_info":0,"uagb_excerpt":"Le Yoga, est une forme de gymnastique douce en conscience permettant de mieux vivre le mouvement et la sensation produite dans le corps. Le yoga produit BIEN-\u00caTRE Physique et BIEN-\u00caTRE mental.","_links":{"self":[{"href":"https:\/\/www.ipgs.fr\/index.php\/wp-json\/wp\/v2\/pages\/262","targetHints":{"allow":["GET"]}}],"collection":[{"href":"https:\/\/www.ipgs.fr\/index.php\/wp-json\/wp\/v2\/pages"}],"about":[{"href":"https:\/\/www.ipgs.fr\/index.php\/wp-json\/wp\/v2\/types\/page"}],"author":[{"embeddable":true,"href":"https:\/\/www.ipgs.fr\/index.php\/wp-json\/wp\/v2\/users\/1"}],"replies":[{"embeddable":true,"href":"https:\/\/www.ipgs.fr\/index.php\/wp-json\/wp\/v2\/comments?post=262"}],"version-history":[{"count":73,"href":"https:\/\/www.ipgs.fr\/index.php\/wp-json\/wp\/v2\/pages\/262\/revisions"}],"predecessor-version":[{"id":1365,"href":"https:\/\/www.ipgs.fr\/index.php\/wp-json\/wp\/v2\/pages\/262\/revisions\/1365"}],"wp:featuredmedia":[{"embeddable":true,"href":"https:\/\/www.ipgs.fr\/index.php\/wp-json\/wp\/v2\/media\/294"}],"wp:attachment":[{"href":"https:\/\/www.ipgs.fr\/index.php\/wp-json\/wp\/v2\/media?parent=262"}],"curies":[{"name":"wp","href":"https:\/\/api.w.org\/{rel}","templated":true}]}}